{"id":607,"date":"2016-03-24T17:53:05","date_gmt":"2016-03-24T16:53:05","guid":{"rendered":"http:\/\/www.cuturi.com\/?page_id=607"},"modified":"2016-03-24T17:53:05","modified_gmt":"2016-03-24T16:53:05","slug":"cookie-policy","status":"publish","type":"page","link":"https:\/\/www.cuturi.com\/en\/cookie-policy\/","title":{"rendered":"Cookie Policy"},"content":{"rendered":"<h1>Policy Cookies informativa completa<\/h1>\n<p>Questa informativa sull&#8217;utilizzo dei cookie sul sito web\u00a0<a href=\"http:\/\/www.cuturi.com\/\">www.cuturi.com\u00a0<\/a>\u00e8 resa all&#8217;utente in attuazione del provvedimento del Garante per la protezione dei dati personali dell&#8217;8 maggio 2014 &#8220;Individuazione delle modalit\u00e0 semplificate per l&#8217;informativa e l&#8217;acquisizione del consenso per l&#8217;uso dei cookie&#8221; e nel rispetto dell&#8217;art. 13 del Codice privacy (D.Lgs. n. 196\/2003).<\/p>\n<p>La presente Cookie Policy \u00e8 relativa al sito\u00a0<a href=\"http:\/\/www.cuturi.com\/\">www.cuturi.com<\/a>, (\u201cSito\u201d).<\/p>\n<p>Ogni ulteriore richiesta circa l&#8217;utilizzo dei cookie nel presente sito web pu\u00f2 essere inviata attraverso la sezione Contattaci esistente nel presente sito.<\/p>\n<p>Puoi utilizzare la stessa sezione <a title=\"Contattaci\" href=\"http:\/\/www.noiseartech.com\/imprint.html#noiseartech-contact\" rel=\"nofollow\"> \u201c<\/a>Contattaci<a title=\"Contattaci\" href=\"http:\/\/www.noiseartech.com\/imprint.html#noiseartech-contact\" rel=\"nofollow\">\u201d<\/a> per esercitare in qualsiasi momento i diritti che il Codice ti attribuisce in qualit\u00e0 di interessato (art. 7 e ss D.Lgs. 30 giugno 2003, n. 196: ad esempio, accesso, cancellazione, aggiornamento, rettificazione, integrazione, ecc.), nonch\u00e9 per chiedere l&#8217;elenco aggiornato dei Responsabili del trattamento eventualmente designati.<\/p>\n<p>I tuoi dati personali sono trattati in ogni caso secondo le normative in vigore e non sono comunicati n\u00e9 diffusi.<\/p>\n<h3>Cosa sono i Cookie?<\/h3>\n<p>I cookies sono piccoli file di testo inviati all&#8217;utente dal sito web visitato. Vengono memorizzati sull\u2019hard disk del computer, consentendo in questo modo al sito web di riconoscere gli utenti e memorizzare determinate informazioni su di loro, al fine di permettere o migliorare il servizio offerto.<\/p>\n<p>Esistono diverse tipologie di cookies. Alcuni sono necessari per poter navigare sul Sito, altri hanno scopi diversi come garantire la sicurezza interna, amministrare il sistema, effettuare analisi statistiche, comprendere quali sono le sezioni del Sito che interessano maggiormente gli utenti o offrire una visita personalizzata del Sito, ecc.<\/p>\n<p>&nbsp;<\/p>\n<h3>Quanti tipi di cookie esistono?<\/h3>\n<p>Esistono due macro-categorie fondamentali, con caratteristiche diverse: <strong>cookie tecnici<\/strong> e <strong>cookie di profilazione<\/strong>.<\/p>\n<p>I <strong>cookie tecnici<\/strong> sono generalmente necessari per il corretto funzionamento del sito web e per permettere la navigazione; senza di essi potresti non essere in grado di visualizzare correttamente le pagine oppure di utilizzare alcuni servizi. Per esempio, un cookie tecnico \u00e8 indispensabile per mantenere l&#8217;utente collegato durante tutta la visita a un sito web, oppure per memorizzare le impostazioni della lingua, della visualizzazione, e cos\u00ec via.<\/p>\n<p>I cookie tecnici possono essere ulteriormente distinti in:<\/p>\n<ul>\n<li><strong>cookie di navigazione<\/strong>, che garantiscono la normale navigazione e fruizione del sito web (permettendo, ad esempio, di realizzare un acquisto o autenticarsi per accedere ad aree riservate);<\/li>\n<li><strong>cookie analytics<\/strong>, assimilati ai cookie tecnici solo laddove utilizzati direttamente dal gestore del sito per raccogliere informazioni, in forma aggregata, sul numero degli utenti e su come questi visitano il sito stesso. Per intenderci, come quelli che utilizza e rilascia questo;<\/li>\n<li><strong>cookie di funzionalit\u00e0<\/strong>, che permettono all&#8217;utente la navigazione in funzione di una serie di criteri selezionati (ad esempio, la lingua, i prodotti selezionati per l&#8217;acquisto) al fine di migliorare il servizio reso allo stesso.<\/li>\n<\/ul>\n<p>I <strong>cookie di profilazione<\/strong> sono pi\u00f9 sofisticati! Questi cookie hanno il compito di profilare l&#8217;utente e vengono utilizzati al fine di inviare messaggi pubblicitari in linea con le preferenze manifestate dallo stesso durante la sua navigazione.<\/p>\n<p>I cookie possono, ancora, essere classificati come:<\/p>\n<ul>\n<li><strong>cookie di sessione<\/strong>, i quali vengono cancellati immediatamente alla chiusura del browser di navigazione; cookie persistenti, i quali &#8211; a differenza di quelli di sessione &#8211; rimangono all&#8217;interno del browser per un determinato periodo di tempo. Sono utilizzati, ad esempio, per riconoscere il dispositivo che si collega al sito agevolando le operazioni di autenticazione per l&#8217;utente.<\/li>\n<li><strong>cookie di prima parte (first-part cookie)<\/strong> ossia cookie generati e gestiti direttamente dal soggetto gestore del sito web sul quale l&#8217;utente sta navigando.<\/li>\n<li><strong>cookie di terza parte (third-part cookie)<\/strong>, i quali sono generati e gestiti da soggetti diversi dal gestore del sito web sul quale l&#8217;utente sta navigando (in forza, di regola, di un contratto tra il titolare del sito web e la terza parte).<\/li>\n<\/ul>\n<p>Per migliorare il nostro sito e comprendere quali parti o elementi siano maggiormente apprezzati dagli utenti utilizziamo anche, come strumento di analisi anonima e aggregata, un cookie di terza parte, ossia Google Analytics. Questo cookie non \u00e8 uno strumento di nostra titolarit\u00e0, per maggiori informazioni, pertanto, \u00e8 possibile consultare l&#8217;informativa fornita da Google al seguente indirizzo: <a href=\"http:\/\/www.google.it\/policies\/privacy\/partners\/\" rel=\"nofollow\">http:\/\/www.google.it\/policies\/privacy\/partners\/<\/a><\/p>\n<p>Se preferisci che Google Analytics non utilizzi i dati raccolti in nessun modo puoi utilizzare la navigazione anonima (opzione Do Not Track) del tuo browser.<\/p>\n<p>Per sapere come attivare l&#8217;opzione sui principali motori di ricerca clicca sul browser che usi:<\/p>\n<ul>\n<li><strong>Internet Explorer<\/strong> <a href=\"http:\/\/ie.microsoft.com\/Testdrive\/Browser\/DoNotTrack\/Default.html\" rel=\"nofollow\">(http:\/\/ie.microsoft.com\/Testdrive\/Browser\/DoNotTrack\/Default.html)<\/a>,<\/li>\n<li><strong>Google Chrome<\/strong> <a href=\"https:\/\/support.google.com\/chrome\/answer\/95464?hl=it\" rel=\"nofollow\">(https:\/\/support.google.com\/chrome\/answer\/95464?hl=it)<\/a>,<\/li>\n<li><strong>Mozilla Firefox<\/strong> <a href=\"https:\/\/support.mozilla.org\/it\/kb\/Navigazione anonima\" rel=\"nofollow\">(https:\/\/support.mozilla.org\/it\/kb\/Navigazione anonima)<\/a>,<\/li>\n<li><strong>Opera Browser<\/strong> <a href=\"http:\/\/help.opera.com\/opera\/Windows\/1781\/it\/private.html#privateWindow\" rel=\"nofollow\">(http:\/\/help.opera.com\/opera\/Windows\/1781\/it\/private.html#privateWindow)<\/a>,<\/li>\n<li><strong>Apple Safari<\/strong> <a href=\"https:\/\/support.apple.com\/it-it\/HT6074\" rel=\"nofollow\">(https:\/\/support.apple.com\/it-it\/HT6074)<\/a>.<\/li>\n<\/ul>\n<p>La disabilitazione dei cookies potrebbe limitare la possibilit\u00e0 di usare il Sito e impedire di beneficiare in pieno delle funzionalit\u00e0 e dei servizi presenti sul Sito. Per decidere quali accettare e quali rifiutare, \u00e8 illustrata di seguito una descrizione dei principali cookies.<\/p>\n<h3>Specifiche tecniche sui cookie<\/h3>\n<p><strong>I cookie di sessione<\/strong> vengono cancellati quando si chiude il browser e consentire al sito web di identificare lo stato dell&#8217;utente &#8211; come gli utenti registrati. Principalmente sono considerati innocui perch\u00e9 non possono essere utilizzati per il monitoraggio user-lungo termine.<\/p>\n<p><strong>Domini e Cookie di terze parti<\/strong> \u00e8 il numero di organizzazioni ammesse dal webmaster per tracciare la vostra attraverso il sito. Questi cookie possono essere impostati per vari scopi, come il monitoraggio annunci visualizzati sul sito web, la raccolta di dati statistici, pubblicit\u00e0 mirata ecc.<\/p>\n<p><strong>I Cookie persistenti<\/strong> sono i cookie che si conservano attraverso arresti del browser. Ci\u00f2 significa che, anche se si chiude questa pagina oggi e mai tornare l\u00ec in futuro, il sito sapr\u00e0 che sei un visitatore di ritorno. Questo pu\u00f2 essere usato per &#8220;ricordati di me&#8221; caratteristiche, cos\u00ec come il tracciamento degli utenti persistente. Questi biscotti, specie se impostata organizzazioni terze, sono potente strumento per monitorare le attivit\u00e0 in tutti i siti Web visitati. Questo sito mette <strong>2<\/strong> cookies persistenti con vita media di 365 giorni e lunghe 730 giorni.<\/p>\n<p>I <strong>Cookies di prima parte<\/strong> (ovvero i cookies che appartengono al sito dell\u2019editore che li ha creati) sono impostati dal sito web visitato dall&#8217;utente, il cui indirizzo compare nella finestra URL. L&#8217;utilizzo di tali cookies ci permette di far funzionare il sito in modo efficiente e di tracciare i modelli di comportamento dei visitatori. Questo sito imposta <strong>0<\/strong> cookies di prima parte.<\/p>\n<p>I <strong>Cookies essenziali<\/strong> sono strettamente necessari per il funzionamento del Sito. Senza l&#8217;uso di tali cookies alcune parti del Sito non funzionerebbero. Comprendono, ad esempio, i cookies che consentono di accedere in aree protette del Sito. Questi cookies non raccolgono informazioni per scopi di marketing e non possono essere disattivati.<\/p>\n<p>I <strong>Cookies funzionali<\/strong> servono a riconoscere un utente che torna a visitare il Sito. Permettono di personalizzare i contenuti e ricordate le preferenze (ad esempio, la lingua selezionata o la regione). Questi cookies non raccolgono informazioni che possono identificare l&#8217;utente. Tutte le informazioni raccolte sono anonime.<\/p>\n<p>I <strong>Cookies di condivisone sui Social Network<\/strong>, facilitano la condivisione dei contenuti del sito attraverso social network quali Facebook e Twitter. Per prendere visione delle rispettive privacy e cookies policies \u00e8 possibile visitare i siti web dei social networks. Nel caso di Facebook e Twitter, l&#8217;utente pu\u00f2 visitare <a rel=\"nofollow\">https:\/\/www.facebook.com\/help\/cookies<\/a> e <a rel=\"nofollow\">https:\/\/twitter.com\/privacy<\/a>.<\/p>\n<h3>Modalit\u00e0 e luogo del trattamento dei Dati raccolti<\/h3>\n<h4>Modalit\u00e0 di trattamento<\/h4>\n<p>Il Titolare tratta i Dati Personali degli Utenti adottando le opportune misure di sicurezza volte ad impedire l\u2019accesso, la divulgazione, la modifica o la distruzione non autorizzate dei Dati Personali.<\/p>\n<p>Il trattamento viene effettuato mediante strumenti informatici e\/o telematici, con modalit\u00e0 organizzative e con logiche strettamente correlate alle finalit\u00e0 indicate. Oltre al Titolare, in alcuni casi, potrebbero avere accesso ai Dati categorie di incaricati coinvolti nell\u2019organizzazione del sito (personale amministrativo, commerciale, marketing, legali, amministratori di sistema) ovvero soggetti esterni (come fornitori di servizi tecnici terzi, corrieri postali, hosting provider, societ\u00e0 informatiche, agenzie di comunicazione) nominati anche, se necessario, Responsabili del Trattamento da parte del Titolare. L\u2019elenco aggiornato dei Responsabili potr\u00e0 sempre essere richiesto al Titolare del Trattamento.<\/p>\n<h4>Luogo<\/h4>\n<p>I Dati sono trattati presso le sedi operative del Titolare ed in ogni altro luogo in cui le parti coinvolte nel trattamento siano localizzate. Per ulteriori informazioni, contatta il Titolare.<\/p>\n<h4>Tempi<\/h4>\n<p>I Dati sono trattati per il tempo necessario allo svolgimento del servizio richiesto dall\u2019Utente, o richiesto dalle finalit\u00e0 descritte in questo documento, e l\u2019Utente pu\u00f2 sempre chiedere l\u2019interruzione del Trattamento o la cancellazione dei Dati.<\/p>\n<h3>Finalit\u00e0 del Trattamento dei Dati raccolti<\/h3>\n<p>I Dati dell\u2019Utente sono raccolti per consentire al Titolare di fornire i propri servizi, cos\u00ec come per le seguenti finalit\u00e0: Commento dei contenuti, Contattare l&#8217;Utente, Interazione con social network e piattaforme esterne, Pubblicit\u00e0, Remarketing e Behavioral Targeting, Statistica e Visualizzazione di contenuti da piattaforme esterne.<\/p>\n<h3>Dettagli sul trattamento dei Dati Personali<\/h3>\n<p>I Dati Personali sono raccolti per le seguenti finalit\u00e0 ed utilizzando i seguenti servizi:<\/p>\n<ul>\n<li>\n<h4>Commento dei contenuti<\/h4>\n<p>I servizi di commento consentono agli Utenti di formulare e rendere pubblici propri commenti.<\/p>\n<p>Gli Utenti, a seconda delle impostazioni decise dal Titolare, possono lasciare il commento anche in forma anonima. Nel caso tra i Dati Personali rilasciati dall\u2019Utente ci sia l\u2019email, questa potrebbe essere utilizzata per inviare notifiche di commenti riguardanti lo stesso contenuto. Gli Utenti sono responsabili del contenuto dei propri commenti.<\/p>\n<p>Nel caso in cui sia installato un servizio di commenti fornito da soggetti terzi, \u00e8 possibile che, anche nel caso in cui gli Utenti non utilizzino il servizio di commento, lo stesso raccolga dati di traffico relativi alle pagine in cui il servizio di commento \u00e8 installato.<\/li>\n<li>\n<h4>Contattare l&#8217;Utente<\/h4>\n<h4>Modulo di contatto<\/h4>\n<p>L\u2019Utente, compilando con i propri Dati il modulo di contatto, acconsente al loro utilizzo per rispondere alle richieste di informazioni, di preventivo, o di qualunque altra natura indicata dall\u2019intestazione del modulo.<\/p>\n<p>Dati personali raccolti: Cognome, Email e Nome.<\/p>\n<h4>Mailing List o Newsletter<\/h4>\n<p>Con la registrazione alla mailing list o alla newsletter, l\u2019indirizzo email dell\u2019Utente viene automaticamente inserito in una lista di contatti a cui potranno essere trasmessi messaggi email contenenti informazioni, anche di natura commerciale e promozionale. L&#8217;indirizzo email dell&#8217;Utente potrebbe anche essere aggiunto a questa lista come risultato della registrazione o dopo aver effettuato un acquisto.<\/p>\n<p>Dati personali raccolti: Cognome, Email e Nome.<\/li>\n<li>\n<h4>Interazione con social network e piattaforme esterne<\/h4>\n<p>Questi servizi permettono di effettuare interazioni con i social network, o con altre piattaforme esterne, direttamente dalle pagine di questo sito.<\/p>\n<p>Le interazioni e le informazioni acquisite da queste applicazioni sono in ogni caso soggette alle impostazioni privacy dell\u2019Utente relative ad ogni social network.<\/p>\n<p>Nel caso in cui sia installato un servizio di interazione con i social network, \u00e8 possibile che, anche nel caso gli Utenti non utilizzino il servizio, lo stesso raccolga dati di traffico relativi alle pagine in cui \u00e8 installato.<\/p>\n<h4>Pulsante +1 e widget sociali di Google+ (Google Inc.)<\/h4>\n<p>Il pulsante +1 e i widget sociali di Google+ sono servizi di interazione con il social network Google+, forniti da Google Inc.<\/p>\n<p>Dati personali raccolti: Cookie e Dati di utilizzo.<\/p>\n<p>Luogo del trattamento : USA \u2013 <a href=\"http:\/\/www.google.com\/intl\/it\/policies\/privacy\/\" target=\"_blank\">Privacy Policy<\/a><\/p>\n<h4>Pulsante Mi Piace e widget sociali di Facebook (Facebook, Inc.)<\/h4>\n<p>Il pulsante \u201cMi Piace\u201d e i widget sociali di Facebook sono servizi di interazione con il social network Facebook, forniti da Facebook, Inc.<\/p>\n<p>Dati personali raccolti: Cookie e Dati di utilizzo.<\/p>\n<p>Luogo del trattamento : USA \u2013 <a href=\"http:\/\/www.facebook.com\/privacy\/explanation.php\" target=\"_blank\">Privacy Policy<\/a><\/p>\n<h4>Pulsante Tweet e widget sociali di Twitter (Twitter, Inc.)<\/h4>\n<p>Il pulsante Tweet e i widget sociali di Twitter sono servizi di interazione con il social network Twitter, forniti da Twitter, Inc.<\/p>\n<p>Dati personali raccolti: Cookie e Dati di utilizzo.<\/p>\n<p>Luogo del trattamento : USA \u2013 <a href=\"http:\/\/twitter.com\/privacy\" target=\"_blank\">Privacy Policy<\/a><\/p>\n<h4>Pulsante \u201cPin it\u201d e widget sociali di Pinterest (Pinterest)<\/h4>\n<p>Il pulsante \u201cPin it\u201d e widget sociali di Pinterest sono servizi di interazione con la piattaforma Pinterest, forniti da Pinterest Inc.<\/p>\n<p>Dati personali raccolti: Cookie e Dati di utilizzo.<\/p>\n<p>Luogo del trattamento : USA \u2013 <a href=\"http:\/\/about.pinterest.com\/privacy\/\" target=\"_blank\">Privacy Policy<\/a><\/p>\n<h4>Pulsante \u201cLinkedin\u201d e widget sociali di Linkedin (Linkedin)<\/h4>\n<p>Il pulsante \u201cLinkedin\u201d e widget sociali di Linkedin sono servizi di interazione con la piattaforma Linkedin, forniti da Linkedin Inc.<\/p>\n<p>Dati personali raccolti: Cookie e Dati di utilizzo.<\/p>\n<p>Luogo del trattamento : USA \u2013 <a href=\"http:\/\/it.linkedin.com\/legal\/privacy-policy\" target=\"_blank\">Privacy Policy<\/a><\/p>\n<p>&nbsp;<\/li>\n<li>\n<h3>Pubblicit\u00e0<\/h3>\n<p>Questi servizi consentono di utilizzare i Dati dell\u2019Utente per finalit\u00e0 di comunicazione commerciale in diverse forme pubblicitarie, quali il banner, anche in relazione agli interessi dell\u2019Utente. Ci\u00f2 non significa che tutti i Dati Personali vengano utilizzati per questa finalit\u00e0.<br \/>\nAlcuni dei servizi potrebbero utilizzare cookie per identificare l\u2019Utente o utilizzare la tecnica del behavioral retargeting, ossia visualizzare annunci pubblicitari personalizzati in base agli interessi e al comportamento dell\u2019Utente, rilevati anche al di fuori di questo sito. Per avere maggiori informazioni in merito, ti suggeriamo di verificare le informative privacy dei rispettivi servizi.<\/p>\n<h4>Google AdSense (Google Inc.)<\/h4>\n<p>Google AdSense \u00e8 un servizio di advertising fornito da Google Inc. Questo servizio usa il Cookie \u201cDoubleclick\u201d, che traccia l\u2019utilizzo di questa Applicazione ed il comportamento dell\u2019Utente in relazione agli annunci pubblicitari, ai prodotti e ai servizi offerti.<\/p>\n<p>L\u2019Utente pu\u00f2 decidere in qualsiasi momento di non usare il Cookie Doubleclick provvedendo alla sua disattivazione: <a href=\"http:\/\/google.com\/settings\/ads\/onweb\/optout?hl=it\">google.com\/settings\/ads\/onweb\/optout?hl=it<\/a>.<\/p>\n<p>Dati personali raccolti: Cookie e Dati di utilizzo.<\/p>\n<p>Luogo del trattamento : USA \u2013 <a href=\"http:\/\/google.com\/privacy\/ads\/\" target=\"_blank\">Privacy Policy<\/a><\/li>\n<li>\n<h3>Remarketing e Behavioral Targeting<\/h3>\n<p>Questi servizi consentono a questa Applicazione ed ai suoi partner di comunicare, ottimizzare e servire annunci pubblicitari basati sull&#8217;utilizzo passato di questa Applicazione da parte dell&#8217;Utente.<\/p>\n<p>Questa attivit\u00e0 viene effettuata tramite il tracciamento dei Dati di Utilizzo e l&#8217;uso di Cookie, informazioni che vengono trasferite ai partner a cui l&#8217;attivit\u00e0 di remarketing e behavioral targeting \u00e8 collegata.<\/p>\n<h4>AdWords Remarketing (Google Inc.)<\/h4>\n<p>AdWords Remarketing \u00e8 un servizio di Remarketing e Behavioral Targeting fornito da Google Inc. che collega l&#8217;attivit\u00e0 di questa Applicazione con il network di advertising Adwords ed il Cookie Doubleclick.<\/p>\n<p>Dati personali raccolti: Cookie e Dati di utilizzo.<\/p>\n<p>Luogo del trattamento : USA \u2013 <a href=\"http:\/\/www.google.com\/intl\/it\/policies\/privacy\/\" target=\"_blank\">Privacy Policy<\/a> \u2013 <a href=\"http:\/\/www.google.com\/settings\/ads\/onweb\/optout\">Opt Out<\/a><\/li>\n<li>\n<h3>Statistica<\/h3>\n<p>I servizi contenuti nella presente sezione permettono al Titolare del Trattamento di monitorare e analizzare i dati di traffico e servono a tener traccia del comportamento dell\u2019Utente.<\/p>\n<h4>Google Analytics (Google Inc.)<\/h4>\n<p>Google Analytics \u00e8 un servizio di analisi web fornito da Google Inc. (\u201cGoogle\u201d). Google utilizza i Dati Personali raccolti allo scopo di tracciare ed esaminare l\u2019utilizzo di questa Applicazione, compilare report e condividerli con gli altri servizi sviluppati da Google.<\/p>\n<p>Google potrebbe utilizzare i Dati Personali per contestualizzare e personalizzare gli annunci del proprio network pubblicitario.<\/p>\n<p>Dati personali raccolti: Cookie e Dati di utilizzo.<\/p>\n<p>Luogo del trattamento : USA \u2013 <a href=\"http:\/\/www.google.com\/intl\/it\/policies\/privacy\/\" target=\"_blank\">Privacy Policy<\/a> \u2013 <a href=\"http:\/\/tools.google.com\/dlpage\/gaoptout?hl=it\" target=\"_blank\">Opt Out<\/a><\/li>\n<li>\n<h3>Visualizzazione di contenuti da piattaforme esterne<\/h3>\n<p>Questi servizi permettono di visualizzare contenuti ospitati su piattaforme esterne direttamente dalle pagine di questa Applicazione e di interagire con essi.<\/p>\n<p>Nel caso in cui sia installato un servizio di questo tipo, \u00e8 possibile che, anche nel caso gli Utenti non utilizzino il servizio, lo stesso raccolga dati di traffico relativi alle pagine in cui \u00e8 installato.<\/p>\n<h4>Widget Google Maps (Google Inc.)<\/h4>\n<p>Google Maps \u00e8 un servizio di visualizzazione di mappe gestito da Google Inc. che permette a questa Applicazione di integrare tali contenuti all\u2019interno delle proprie pagine.<\/p>\n<p>Dati personali raccolti: Cookie e Dati di utilizzo.<\/p>\n<p>Luogo del trattamento : USA \u2013 <a href=\"http:\/\/www.google.it\/intl\/it\/policies\/privacy\/\" target=\"_blank\">Privacy Policy<\/a><\/p>\n<h4>Widget Video Youtube (Google Inc.)<\/h4>\n<p>Youtube \u00e8 un servizio di visualizzazione di contenuti video gestito da Google Inc. che permette a questa Applicazione di integrare tali contenuti all\u2019interno delle proprie pagine.<\/p>\n<p>Dati personali raccolti: Cookie e Dati di utilizzo.<\/p>\n<p>Luogo del trattamento : USA \u2013 <a href=\"http:\/\/www.google.it\/intl\/it\/policies\/privacy\/\" target=\"_blank\">Privacy Policy<\/a><\/li>\n<\/ul>\n<h3>Ulteriori informazioni sul trattamento<\/h3>\n<h3>Difesa in giudizio<\/h3>\n<p>I Dati Personali dell\u2019Utente possono essere utilizzati per la difesa da parte del Titolare in giudizio o nelle fasi propedeutiche alla sua eventuale instaurazione, da abusi nell&#8217;utilizzo della stessa o dei servizi connessi da parte dell\u2019Utente.<\/p>\n<p>L\u2019Utente dichiara di essere consapevole che il Titolare potrebbe essere richiesto di rivelare i Dati su richiesta delle pubbliche autorit\u00e0.<\/p>\n<h3>Log di sistema e manutenzione<\/h3>\n<p>Per necessit\u00e0 legate al funzionamento ed alla manutenzione, questo sito e gli eventuali servizi terzi da essa utilizzati potrebbero raccogliere Log di sistema, ossia file che registrano le interazioni e che possono contenere anche Dati Personali, quali l\u2019indirizzo IP Utente.<\/p>\n<h3>Informazioni non contenute in questa policy<\/h3>\n<p>Maggiori informazioni in relazione al trattamento dei Dati Personali potranno essere richieste in qualsiasi momento al Titolare del Trattamento utilizzando le informazioni di contatto.<\/p>\n<h3>Esercizio dei diritti da parte degli Utenti<\/h3>\n<p>I soggetti cui si riferiscono i Dati Personali hanno il diritto in qualunque momento di ottenere la conferma dell&#8217;esistenza o meno degli stessi presso il Titolare del Trattamento, di conoscerne il contenuto e l&#8217;origine, di verificarne l&#8217;esattezza o chiederne l\u2019integrazione, la cancellazione, l&#8217;aggiornamento, la rettifica, la trasformazione in forma anonima o il blocco dei Dati Personali trattati in violazione di legge, nonch\u00e9 di opporsi in ogni caso, per motivi legittimi, al loro trattamento. Le richieste vanno rivolte al Titolare del Trattamento.<\/p>\n<p>Questa Applicazione non supporta le richieste \u201cDo Not Track\u201d. Per conoscere se gli eventuali servizi di terze parti utilizzati le supportano, consulta le loro privacy policy.<\/p>\n<h3>Modifiche a questa policy<\/h3>\n<p>Il Titolare del Trattamento si riserva il diritto di apportare modifiche alla presente privacy policy in qualunque momento dandone pubblicit\u00e0 agli Utenti su questa pagina. Si prega dunque di consultare spesso questa pagina, prendendo come riferimento la data di ultima modifica indicata in fondo. Nel caso di mancata accettazione delle modifiche apportate alla presente policy, l\u2019Utente \u00e8 tenuto a cessare l\u2019utilizzo di questo sito e pu\u00f2 richiedere al Titolare del Trattamento di rimuovere i propri Dati Personali. Salvo quanto diversamente specificato, la precedente policy continuer\u00e0 ad applicarsi ai Dati Personali sino a quel momento raccolti.<\/p>\n<h3>Riferimenti legali<\/h3>\n<p>Avviso agli Utenti europei: la presente informativa privacy \u00e8 redatta in adempimento degli obblighi previsti dall\u2019Art. 10 della Direttiva n. 95\/46\/CE, nonch\u00e9 a quanto previsto dalla Direttiva 2002\/58\/CE, come aggiornata dalla Direttiva 2009\/136\/CE, in materia di Cookie.<\/p>\n","protected":false},"excerpt":{"rendered":"<p>Policy Cookies informativa completa Questa informativa sull&#8217;utilizzo dei cookie sul sito web\u00a0www.cuturi.com\u00a0\u00e8 resa all&#8217;utente in attuazione del provvedimento del Garante per la protezione dei dati personali dell&#8217;8 maggio 2014 &#8220;Individuazione delle modalit\u00e0 semplificate per l&#8217;informativa e l&#8217;acquisizione del consenso per l&#8217;uso dei cookie&#8221; e nel rispetto dell&#8217;art. 13 del Codice privacy (D.Lgs. n. 196\/2003). La &hellip;<\/p>\n","protected":false},"author":2,"featured_media":0,"parent":0,"menu_order":0,"comment_status":"closed","ping_status":"closed","template":"","meta":{"footnotes":""},"_links":{"self":[{"href":"https:\/\/www.cuturi.com\/en\/wp-json\/wp\/v2\/pages\/607"}],"collection":[{"href":"https:\/\/www.cuturi.com\/en\/wp-json\/wp\/v2\/pages"}],"about":[{"href":"https:\/\/www.cuturi.com\/en\/wp-json\/wp\/v2\/types\/page"}],"author":[{"embeddable":true,"href":"https:\/\/www.cuturi.com\/en\/wp-json\/wp\/v2\/users\/2"}],"replies":[{"embeddable":true,"href":"https:\/\/www.cuturi.com\/en\/wp-json\/wp\/v2\/comments?post=607"}],"version-history":[{"count":2,"href":"https:\/\/www.cuturi.com\/en\/wp-json\/wp\/v2\/pages\/607\/revisions"}],"predecessor-version":[{"id":609,"href":"https:\/\/www.cuturi.com\/en\/wp-json\/wp\/v2\/pages\/607\/revisions\/609"}],"wp:attachment":[{"href":"https:\/\/www.cuturi.com\/en\/wp-json\/wp\/v2\/media?parent=607"}],"curies":[{"name":"wp","href":"https:\/\/api.w.org\/{rel}","templated":true}]}}